{"id":940,"date":"2023-02-13T20:24:08","date_gmt":"2023-02-13T19:24:08","guid":{"rendered":"https:\/\/vmartois.fr\/?page_id=940"},"modified":"2023-04-21T18:42:05","modified_gmt":"2023-04-21T16:42:05","slug":"morris-cvs","status":"publish","type":"page","link":"https:\/\/vmartois.fr\/index.php\/morris-cvs\/","title":{"rendered":"Morris CVS"},"content":{"rendered":"\t\t<div data-elementor-type=\"wp-page\" data-elementor-id=\"940\" class=\"elementor elementor-940\">\n\t\t\t\t\t\t<section class=\"elementor-section elementor-top-section elementor-element elementor-element-e8vhkn0 elementor-section-content-middle elementor-section-boxed elementor-section-height-default elementor-section-height-default\" data-id=\"e8vhkn0\" data-element_type=\"section\" data-e-type=\"section\" data-settings=\"{&quot;background_background&quot;:&quot;classic&quot;}\">\n\t\t\t\t\t\t\t<div class=\"elementor-background-overlay\"><\/div>\n\t\t\t\t\t\t\t<div class=\"elementor-container elementor-column-gap-no\">\n\t\t\t\t\t<div class=\"elementor-column elementor-col-100 elementor-top-column elementor-element elementor-element-8956963\" data-id=\"8956963\" data-element_type=\"column\" data-e-type=\"column\">\n\t\t\t<div class=\"elementor-widget-wrap elementor-element-populated\">\n\t\t\t\t\t\t<div class=\"elementor-element elementor-element-1e667e7 elementor-widget elementor-widget-image\" data-id=\"1e667e7\" data-element_type=\"widget\" data-e-type=\"widget\" data-widget_type=\"image.default\">\n\t\t\t\t<div class=\"elementor-widget-container\">\n\t\t\t\t\t\t\t\t\t\t\t\t\t\t\t<img fetchpriority=\"high\" decoding=\"async\" width=\"1644\" height=\"916\" src=\"https:\/\/vmartois.fr\/wp-content\/uploads\/2023\/04\/Capture-decran-2023-04-21-a-17.59.24.png\" class=\"attachment-full size-full wp-image-1020\" alt=\"\" srcset=\"https:\/\/vmartois.fr\/wp-content\/uploads\/2023\/04\/Capture-decran-2023-04-21-a-17.59.24.png 1644w, https:\/\/vmartois.fr\/wp-content\/uploads\/2023\/04\/Capture-decran-2023-04-21-a-17.59.24-300x167.png 300w, https:\/\/vmartois.fr\/wp-content\/uploads\/2023\/04\/Capture-decran-2023-04-21-a-17.59.24-1024x571.png 1024w, https:\/\/vmartois.fr\/wp-content\/uploads\/2023\/04\/Capture-decran-2023-04-21-a-17.59.24-768x428.png 768w, https:\/\/vmartois.fr\/wp-content\/uploads\/2023\/04\/Capture-decran-2023-04-21-a-17.59.24-1536x856.png 1536w\" sizes=\"100vw\" \/>\t\t\t\t\t\t\t\t\t\t\t\t\t\t\t<\/div>\n\t\t\t\t<\/div>\n\t\t\t\t<div class=\"elementor-element elementor-element-4e9cf2f elementor-align-center elementor-widget elementor-widget-button\" data-id=\"4e9cf2f\" data-element_type=\"widget\" data-e-type=\"widget\" data-widget_type=\"button.default\">\n\t\t\t\t<div class=\"elementor-widget-container\">\n\t\t\t\t\t\t\t\t\t<div class=\"elementor-button-wrapper\">\n\t\t\t\t\t<a class=\"elementor-button elementor-button-link elementor-size-sm\" href=\"https:\/\/vmartois.fr\/\">\n\t\t\t\t\t\t<span class=\"elementor-button-content-wrapper\">\n\t\t\t\t\t\t\t\t\t<span class=\"elementor-button-text\">Revenir \u00e0 l'accueil<\/span>\n\t\t\t\t\t<\/span>\n\t\t\t\t\t<\/a>\n\t\t\t\t<\/div>\n\t\t\t\t\t\t\t\t<\/div>\n\t\t\t\t<\/div>\n\t\t\t\t\t<\/div>\n\t\t<\/div>\n\t\t\t\t\t<\/div>\n\t\t<\/section>\n\t\t\t\t<\/div>\n\t\t","protected":false},"excerpt":{"rendered":"<p>Revenir \u00e0 l&rsquo;accueil<\/p>\n","protected":false},"author":1,"featured_media":0,"parent":0,"menu_order":0,"comment_status":"closed","ping_status":"closed","template":"","meta":{"ngg_post_thumbnail":0,"footnotes":""},"class_list":["post-940","page","type-page","status-publish","hentry"],"yoast_head":"<!-- This site is optimized with the Yoast SEO plugin v27.4 - https:\/\/yoast.com\/product\/yoast-seo-wordpress\/ -->\n<title>Morris CVS - V\u00e9hicules Militaires d&#039;Artois<\/title>\n<meta name=\"robots\" content=\"index, follow, max-snippet:-1, max-image-preview:large, max-video-preview:-1\" \/>\n<link rel=\"canonical\" href=\"https:\/\/vmartois.fr\/index.php\/morris-cvs\/\" \/>\n<meta property=\"og:locale\" content=\"fr_FR\" \/>\n<meta property=\"og:type\" content=\"article\" \/>\n<meta property=\"og:title\" content=\"Morris CVS - V\u00e9hicules Militaires d&#039;Artois\" \/>\n<meta property=\"og:description\" content=\"Revenir \u00e0 l&rsquo;accueil\" \/>\n<meta property=\"og:url\" content=\"https:\/\/vmartois.fr\/index.php\/morris-cvs\/\" \/>\n<meta property=\"og:site_name\" content=\"V\u00e9hicules Militaires d&#039;Artois\" \/>\n<meta property=\"article:publisher\" content=\"https:\/\/www.facebook.com\/asso.vmartois.7\" \/>\n<meta property=\"article:modified_time\" content=\"2023-04-21T16:42:05+00:00\" \/>\n<meta property=\"og:image\" content=\"https:\/\/vmartois.fr\/wp-content\/uploads\/2023\/04\/Capture-decran-2023-04-21-a-17.59.24.png\" \/>\n<meta name=\"twitter:card\" content=\"summary_large_image\" \/>\n<meta name=\"twitter:label1\" content=\"Dur\u00e9e de lecture estim\u00e9e\" \/>\n\t<meta name=\"twitter:data1\" content=\"1 minute\" \/>\n<script type=\"application\/ld+json\" class=\"yoast-schema-graph\">{\"@context\":\"https:\\\/\\\/schema.org\",\"@graph\":[{\"@type\":\"WebPage\",\"@id\":\"https:\\\/\\\/vmartois.fr\\\/index.php\\\/morris-cvs\\\/\",\"url\":\"https:\\\/\\\/vmartois.fr\\\/index.php\\\/morris-cvs\\\/\",\"name\":\"Morris CVS - V\u00e9hicules Militaires d&#039;Artois\",\"isPartOf\":{\"@id\":\"https:\\\/\\\/vmartois.fr\\\/#website\"},\"primaryImageOfPage\":{\"@id\":\"https:\\\/\\\/vmartois.fr\\\/index.php\\\/morris-cvs\\\/#primaryimage\"},\"image\":{\"@id\":\"https:\\\/\\\/vmartois.fr\\\/index.php\\\/morris-cvs\\\/#primaryimage\"},\"thumbnailUrl\":\"https:\\\/\\\/vmartois.fr\\\/wp-content\\\/uploads\\\/2023\\\/04\\\/Capture-decran-2023-04-21-a-17.59.24.png\",\"datePublished\":\"2023-02-13T19:24:08+00:00\",\"dateModified\":\"2023-04-21T16:42:05+00:00\",\"breadcrumb\":{\"@id\":\"https:\\\/\\\/vmartois.fr\\\/index.php\\\/morris-cvs\\\/#breadcrumb\"},\"inLanguage\":\"fr-FR\",\"potentialAction\":[{\"@type\":\"ReadAction\",\"target\":[\"https:\\\/\\\/vmartois.fr\\\/index.php\\\/morris-cvs\\\/\"]}]},{\"@type\":\"ImageObject\",\"inLanguage\":\"fr-FR\",\"@id\":\"https:\\\/\\\/vmartois.fr\\\/index.php\\\/morris-cvs\\\/#primaryimage\",\"url\":\"https:\\\/\\\/vmartois.fr\\\/wp-content\\\/uploads\\\/2023\\\/04\\\/Capture-decran-2023-04-21-a-17.59.24.png\",\"contentUrl\":\"https:\\\/\\\/vmartois.fr\\\/wp-content\\\/uploads\\\/2023\\\/04\\\/Capture-decran-2023-04-21-a-17.59.24.png\",\"width\":1644,\"height\":916},{\"@type\":\"BreadcrumbList\",\"@id\":\"https:\\\/\\\/vmartois.fr\\\/index.php\\\/morris-cvs\\\/#breadcrumb\",\"itemListElement\":[{\"@type\":\"ListItem\",\"position\":1,\"name\":\"Accueil\",\"item\":\"https:\\\/\\\/vmartois.fr\\\/\"},{\"@type\":\"ListItem\",\"position\":2,\"name\":\"Morris CVS\"}]},{\"@type\":\"WebSite\",\"@id\":\"https:\\\/\\\/vmartois.fr\\\/#website\",\"url\":\"https:\\\/\\\/vmartois.fr\\\/\",\"name\":\"V\u00e9hicules Militaires d'Artois\",\"description\":\"Il \u00e9tait une fois le Pas de Calais lib\u00e9r\u00e9\",\"publisher\":{\"@id\":\"https:\\\/\\\/vmartois.fr\\\/#organization\"},\"potentialAction\":[{\"@type\":\"SearchAction\",\"target\":{\"@type\":\"EntryPoint\",\"urlTemplate\":\"https:\\\/\\\/vmartois.fr\\\/?s={search_term_string}\"},\"query-input\":{\"@type\":\"PropertyValueSpecification\",\"valueRequired\":true,\"valueName\":\"search_term_string\"}}],\"inLanguage\":\"fr-FR\"},{\"@type\":\"Organization\",\"@id\":\"https:\\\/\\\/vmartois.fr\\\/#organization\",\"name\":\"V\u00e9hicules Militaires d'Artois\",\"url\":\"https:\\\/\\\/vmartois.fr\\\/\",\"logo\":{\"@type\":\"ImageObject\",\"inLanguage\":\"fr-FR\",\"@id\":\"https:\\\/\\\/vmartois.fr\\\/#\\\/schema\\\/logo\\\/image\\\/\",\"url\":\"https:\\\/\\\/vmartois.fr\\\/wp-content\\\/uploads\\\/2023\\\/04\\\/cropped-Mon-projet.png\",\"contentUrl\":\"https:\\\/\\\/vmartois.fr\\\/wp-content\\\/uploads\\\/2023\\\/04\\\/cropped-Mon-projet.png\",\"width\":512,\"height\":512,\"caption\":\"V\u00e9hicules Militaires d'Artois\"},\"image\":{\"@id\":\"https:\\\/\\\/vmartois.fr\\\/#\\\/schema\\\/logo\\\/image\\\/\"},\"sameAs\":[\"https:\\\/\\\/www.facebook.com\\\/asso.vmartois.7\",\"https:\\\/\\\/www.instagram.com\\\/vmartois\\\/?igshid=YmMyMTA2M2Y\"]}]}<\/script>\n<!-- \/ Yoast SEO plugin. -->","yoast_head_json":{"title":"Morris CVS - V\u00e9hicules Militaires d&#039;Artois","robots":{"index":"index","follow":"follow","max-snippet":"max-snippet:-1","max-image-preview":"max-image-preview:large","max-video-preview":"max-video-preview:-1"},"canonical":"https:\/\/vmartois.fr\/index.php\/morris-cvs\/","og_locale":"fr_FR","og_type":"article","og_title":"Morris CVS - V\u00e9hicules Militaires d&#039;Artois","og_description":"Revenir \u00e0 l&rsquo;accueil","og_url":"https:\/\/vmartois.fr\/index.php\/morris-cvs\/","og_site_name":"V\u00e9hicules Militaires d&#039;Artois","article_publisher":"https:\/\/www.facebook.com\/asso.vmartois.7","article_modified_time":"2023-04-21T16:42:05+00:00","og_image":[{"url":"https:\/\/vmartois.fr\/wp-content\/uploads\/2023\/04\/Capture-decran-2023-04-21-a-17.59.24.png","type":"","width":"","height":""}],"twitter_card":"summary_large_image","twitter_misc":{"Dur\u00e9e de lecture estim\u00e9e":"1 minute"},"schema":{"@context":"https:\/\/schema.org","@graph":[{"@type":"WebPage","@id":"https:\/\/vmartois.fr\/index.php\/morris-cvs\/","url":"https:\/\/vmartois.fr\/index.php\/morris-cvs\/","name":"Morris CVS - V\u00e9hicules Militaires d&#039;Artois","isPartOf":{"@id":"https:\/\/vmartois.fr\/#website"},"primaryImageOfPage":{"@id":"https:\/\/vmartois.fr\/index.php\/morris-cvs\/#primaryimage"},"image":{"@id":"https:\/\/vmartois.fr\/index.php\/morris-cvs\/#primaryimage"},"thumbnailUrl":"https:\/\/vmartois.fr\/wp-content\/uploads\/2023\/04\/Capture-decran-2023-04-21-a-17.59.24.png","datePublished":"2023-02-13T19:24:08+00:00","dateModified":"2023-04-21T16:42:05+00:00","breadcrumb":{"@id":"https:\/\/vmartois.fr\/index.php\/morris-cvs\/#breadcrumb"},"inLanguage":"fr-FR","potentialAction":[{"@type":"ReadAction","target":["https:\/\/vmartois.fr\/index.php\/morris-cvs\/"]}]},{"@type":"ImageObject","inLanguage":"fr-FR","@id":"https:\/\/vmartois.fr\/index.php\/morris-cvs\/#primaryimage","url":"https:\/\/vmartois.fr\/wp-content\/uploads\/2023\/04\/Capture-decran-2023-04-21-a-17.59.24.png","contentUrl":"https:\/\/vmartois.fr\/wp-content\/uploads\/2023\/04\/Capture-decran-2023-04-21-a-17.59.24.png","width":1644,"height":916},{"@type":"BreadcrumbList","@id":"https:\/\/vmartois.fr\/index.php\/morris-cvs\/#breadcrumb","itemListElement":[{"@type":"ListItem","position":1,"name":"Accueil","item":"https:\/\/vmartois.fr\/"},{"@type":"ListItem","position":2,"name":"Morris CVS"}]},{"@type":"WebSite","@id":"https:\/\/vmartois.fr\/#website","url":"https:\/\/vmartois.fr\/","name":"V\u00e9hicules Militaires d'Artois","description":"Il \u00e9tait une fois le Pas de Calais lib\u00e9r\u00e9","publisher":{"@id":"https:\/\/vmartois.fr\/#organization"},"potentialAction":[{"@type":"SearchAction","target":{"@type":"EntryPoint","urlTemplate":"https:\/\/vmartois.fr\/?s={search_term_string}"},"query-input":{"@type":"PropertyValueSpecification","valueRequired":true,"valueName":"search_term_string"}}],"inLanguage":"fr-FR"},{"@type":"Organization","@id":"https:\/\/vmartois.fr\/#organization","name":"V\u00e9hicules Militaires d'Artois","url":"https:\/\/vmartois.fr\/","logo":{"@type":"ImageObject","inLanguage":"fr-FR","@id":"https:\/\/vmartois.fr\/#\/schema\/logo\/image\/","url":"https:\/\/vmartois.fr\/wp-content\/uploads\/2023\/04\/cropped-Mon-projet.png","contentUrl":"https:\/\/vmartois.fr\/wp-content\/uploads\/2023\/04\/cropped-Mon-projet.png","width":512,"height":512,"caption":"V\u00e9hicules Militaires d'Artois"},"image":{"@id":"https:\/\/vmartois.fr\/#\/schema\/logo\/image\/"},"sameAs":["https:\/\/www.facebook.com\/asso.vmartois.7","https:\/\/www.instagram.com\/vmartois\/?igshid=YmMyMTA2M2Y"]}]}},"_links":{"self":[{"href":"https:\/\/vmartois.fr\/index.php\/wp-json\/wp\/v2\/pages\/940","targetHints":{"allow":["GET"]}}],"collection":[{"href":"https:\/\/vmartois.fr\/index.php\/wp-json\/wp\/v2\/pages"}],"about":[{"href":"https:\/\/vmartois.fr\/index.php\/wp-json\/wp\/v2\/types\/page"}],"author":[{"embeddable":true,"href":"https:\/\/vmartois.fr\/index.php\/wp-json\/wp\/v2\/users\/1"}],"replies":[{"embeddable":true,"href":"https:\/\/vmartois.fr\/index.php\/wp-json\/wp\/v2\/comments?post=940"}],"version-history":[{"count":4,"href":"https:\/\/vmartois.fr\/index.php\/wp-json\/wp\/v2\/pages\/940\/revisions"}],"predecessor-version":[{"id":1058,"href":"https:\/\/vmartois.fr\/index.php\/wp-json\/wp\/v2\/pages\/940\/revisions\/1058"}],"wp:attachment":[{"href":"https:\/\/vmartois.fr\/index.php\/wp-json\/wp\/v2\/media?parent=940"}],"curies":[{"name":"wp","href":"https:\/\/api.w.org\/{rel}","templated":true}]}}